{"id":26,"date":"2012-04-14T10:33:03","date_gmt":"2012-04-14T10:33:03","guid":{"rendered":"http:\/\/www.aiplainpalais.ch\/?page_id=26"},"modified":"2026-03-22T13:15:47","modified_gmt":"2026-03-22T13:15:47","slug":"horraire-plan-dacces","status":"publish","type":"page","link":"https:\/\/www.aiplainpalais.ch\/?page_id=26","title":{"rendered":"Infos pratiques"},"content":{"rendered":"\n<p class=\"wp-block-paragraph\"><\/p>\n\n\n\n<ul class=\"wp-block-list\">\n<li><h4><span style=\"color: #000000;\"><strong>Ouvert mercredi et jeudi de 14 h. \u00e0 17 h. T\u00e9l\u00e9phonez avant pour vous assurer de l&rsquo;ouverture.<\/strong><\/span><\/h4><\/li>\n\n\n\n<li><h4><span style=\"color: #000000;\"><strong>Entr\u00e9e libre, mus\u00e9e au 1er \u00e9tage, SANS ascenseur.<\/strong><\/span><\/h4><\/li>\n\n\n\n<li><h4><span style=\"color: #000000;\"><strong>Nous organisons volontiers des visites pour de petits groupes en dehors des horaires d&rsquo;ouverture. Appelez-nous au 022 781 60 85.<\/strong><\/span><\/h4><\/li>\n\n\n\n<li><h3><strong><span style=\"color: #ff0000;\">Fermetures annuelles: juillet-ao\u00fbt et vacances de No\u00ebl<\/span><\/strong><\/h3>\u00a0<\/li>\n<\/ul>\n\n\n\n<h5 class=\"wp-block-heading\"><iframe loading=\"lazy\" style=\"border: 0;\" src=\"https:\/\/www.google.com\/maps\/embed?pb=!1m18!1m12!1m3!1d1080.2914658772233!2d6.1410661054872255!3d46.19536174426962!2m3!1f0!2f0!3f0!3m2!1i1024!2i768!4f13.1!3m3!1m2!1s0x478c7ad45bb0eca7%3A0xf67433eb3e3d5dd!2sAssociation+des+Int%C3%A9r%C3%AAts+de+Plainpalais!5e0!3m2!1sfr!2sch!4v1501687702406\" width=\"600\" height=\"450\" frameborder=\"0\" allowfullscreen=\"allowfullscreen\"><\/iframe><\/h5>\n","protected":false},"excerpt":{"rendered":"","protected":false},"author":1,"featured_media":0,"parent":0,"menu_order":0,"comment_status":"closed","ping_status":"closed","template":"","meta":{"_crdt_document":"","ngg_post_thumbnail":0,"footnotes":""},"class_list":["post-26","page","type-page","status-publish","hentry"],"_links":{"self":[{"href":"https:\/\/www.aiplainpalais.ch\/index.php?rest_route=\/wp\/v2\/pages\/26","targetHints":{"allow":["GET"]}}],"collection":[{"href":"https:\/\/www.aiplainpalais.ch\/index.php?rest_route=\/wp\/v2\/pages"}],"about":[{"href":"https:\/\/www.aiplainpalais.ch\/index.php?rest_route=\/wp\/v2\/types\/page"}],"author":[{"embeddable":true,"href":"https:\/\/www.aiplainpalais.ch\/index.php?rest_route=\/wp\/v2\/users\/1"}],"replies":[{"embeddable":true,"href":"https:\/\/www.aiplainpalais.ch\/index.php?rest_route=%2Fwp%2Fv2%2Fcomments&post=26"}],"version-history":[{"count":64,"href":"https:\/\/www.aiplainpalais.ch\/index.php?rest_route=\/wp\/v2\/pages\/26\/revisions"}],"predecessor-version":[{"id":1233,"href":"https:\/\/www.aiplainpalais.ch\/index.php?rest_route=\/wp\/v2\/pages\/26\/revisions\/1233"}],"wp:attachment":[{"href":"https:\/\/www.aiplainpalais.ch\/index.php?rest_route=%2Fwp%2Fv2%2Fmedia&parent=26"}],"curies":[{"name":"wp","href":"https:\/\/api.w.org\/{rel}","templated":true}]}}