{"id":22,"date":"2012-04-14T10:28:01","date_gmt":"2012-04-14T10:28:01","guid":{"rendered":"http:\/\/www.aiplainpalais.ch\/?page_id=22"},"modified":"2020-01-16T09:39:09","modified_gmt":"2020-01-16T09:39:09","slug":"le-musee","status":"publish","type":"page","link":"https:\/\/www.aiplainpalais.ch\/?page_id=22","title":{"rendered":"Le mus\u00e9e"},"content":{"rendered":"<p>Le mus\u00e9e a \u00e9t\u00e9 cr\u00e9\u00e9 sous l\u2019impulsion de l\u2019Association des Int\u00e9r\u00eats de Plainpalais (AIP).<br \/>\nCette association le g\u00e8re encore de nos jours.<\/p>\n<p>&nbsp;<\/p>\n<style>#pano977 div.pnlm-orientation-button {\n                    display: none;\n                }\n            .wpvr-floor-map .floor-plan-pointer.add-pulse:before {\n                border: 17px solid #cca92c;\n            }\n            @-webkit-keyframes pulse {\n                0% {\n                    -webkit-box-shadow: 0 0 0 0 rgba(204, 169, 44, 0.7);\n                }\n                70% {\n                    -webkit-box-shadow: 0 0 0 10px rgba(204, 169, 44, 0);\n                }\n                100% {\n                    -webkit-box-shadow: 0 0 0 0 rgba(204, 169, 44, 0);\n                }\n            }\n            @keyframes pulse {\n            0% {\n                -moz-box-shadow: 0 0 0 0 rgba(204, 169, 44, 0.7);\n                box-shadow: 0 0 0 0 rgba(204, 169, 44, 0.7);\n            }\n            70% {\n                -moz-box-shadow: 0 0 0 10px rgba(204, 169, 44, 0);\n                box-shadow: 0 0 0 10px rgba(204, 169, 44, 0);\n            }\n            100% {\n                -moz-box-shadow: 0 0 0 0 rgba(204, 169, 44, 0);\n                box-shadow: 0 0 0 0 rgba(204, 169, 44, 0);\n            }\n        }<\/style><div id=\"master-container\" class=\"wpvr-cardboard \" style=\"max-width:600px; width: 100%; height: 400px; border-radius:; direction:ltr; \"><div id=\"pano2977\" class=\"pano-wrap pano-left\" style=\"width: 49%; border-radius:\"><div id=\"center-pointer2977\" class=\"vr-pointer-container\"><span class=\"center-pointer\"><\/span><\/div><\/div><div id=\"pano977\" class=\"pano-wrap pano-right\" style=\"width: 100%;\"><div class=\"explainer\" id=\"explainer977\" style=\"display: none\"><span class=\"close-explainer-video\"><i class=\"fa fa-times\"><\/i><\/span><\/div><div class=\"wpvr-floor-map\" id=\"wpvr-floor-map977\" style=\"display: none\"><span class=\"close-floor-map-plan\"><i class=\"fa fa-times\"><\/i><\/span><img decoding=\"async\" loading=\"lazy\" src=\"\"><\/div><div class=\"wpvr-hotspot-tweak-contents-wrapper\" style=\"display: none\"><i class=\"fa fa-times cross\" data-id=\"977\"><\/i><div class=\"wpvr-hotspot-tweak-contents-flex\"><div class=\"wpvr-hotspot-tweak-contents\"><\/div><\/div><\/div><div class=\"custom-ifram-wrapper\" style=\"display: none;\"><i class=\"fa fa-times cross\" data-id=\"977\"><\/i><div class=\"custom-ifram-flex\"><div class=\"custom-ifram\"><\/div><\/div><\/div><\/div><\/div><script>(function ($) {jQuery(document).ready(function() {var response = [{\"panoid\":\"pano977\"},{\"autoLoad\":false,\"showControls\":true,\"orientationSupport\":\"false\",\"compass\":false,\"orientationOnByDefault\":false,\"mouseZoom\":true,\"draggable\":true,\"disableKeyboardCtrl\":false,\"keyboardZoom\":true,\"preview\":\"https:\\\/\\\/www.aiplainpalais.ch\\\/wp-content\\\/uploads\\\/2020\\\/01\\\/mus\\u00e9e-panoramique-small.jpg\",\"default\":{\"firstScene\":\"360lemusee\",\"sceneFadeDuration\":\"\"},\"scenes\":{\"360lemusee\":{\"type\":\"equirectangular\",\"panorama\":\"https:\\\/\\\/www.aiplainpalais.ch\\\/wp-content\\\/uploads\\\/2019\\\/03\\\/PHOTO_0087.jpg\",\"pitch\":null,\"yaw\":null,\"hfov\":100,\"maxHfov\":120,\"minHfov\":50,\"vaov\":180,\"haov\":360,\"hotSpots\":[]}}}];var scenes = response[1];if(scenes) {var scenedata = scenes.scenes;for(var i in scenedata) {var scenehotspot = scenedata[i].hotSpots;for(var i = 0; i < scenehotspot.length; i++) {if(scenehotspot[i].type === \"info\") {    scenehotspot[i][\"clickHandlerFunc\"] = wpvrhotspot;} else if(scenehotspot[i].type === \"scene\") {    scenehotspot[i][\"clickHandlerArgs\"] = scenehotspot[i][\"text\"];}if(scenehotspot[i][\"createTooltipArgs\"] != \"\") {scenehotspot[i][\"createTooltipFunc\"] = wpvrtooltip;}}}}var panoshow977 = pannellum.viewer(response[0][\"panoid\"], scenes);\n  \n        if(!wpvr_public.is_pro_active || !wpvr_public.is_license_active) {\n            panoshow977.on(\"load\", function() {\n                jQuery(\".pnlm-panorama-info\").hide();\n                jQuery(\".pnlm-compass\").hide();\n            });\n            \n            panoshow977.on(\"scenechange\", function() {\n                jQuery(\".pnlm-panorama-info\").hide();\n                jQuery(\".pnlm-compass\").hide();\n            });\n        }var response_duplicate = [{\"panoid\":\"pano977\"},{\"autoLoad\":false,\"showControls\":true,\"orientationSupport\":\"false\",\"compass\":false,\"orientationOnByDefault\":false,\"mouseZoom\":true,\"draggable\":true,\"disableKeyboardCtrl\":false,\"keyboardZoom\":true,\"preview\":\"https:\\\/\\\/www.aiplainpalais.ch\\\/wp-content\\\/uploads\\\/2020\\\/01\\\/mus\\u00e9e-panoramique-small.jpg\",\"default\":{\"firstScene\":\"360lemusee\",\"sceneFadeDuration\":\"\"},\"scenes\":{\"360lemusee\":{\"type\":\"equirectangular\",\"panorama\":\"https:\\\/\\\/www.aiplainpalais.ch\\\/wp-content\\\/uploads\\\/2019\\\/03\\\/PHOTO_0087.jpg\",\"pitch\":null,\"yaw\":null,\"hfov\":100,\"maxHfov\":120,\"minHfov\":50,\"vaov\":180,\"haov\":360,\"hotSpots\":[]}},\"autoRotate\":false}];var scenes_duplicate = response_duplicate[1];if(scenes_duplicate) {var scenedata = scenes_duplicate.scenes;for(var i in scenedata) {var scenehotspot = scenedata[i].hotSpots;for(var i = 0; i < scenehotspot.length; i++) {if(scenehotspot[i][\"clickHandlerArgs\"] != \"\") {scenehotspot[i][\"clickHandlerFunc\"] = wpvrhotspot;}if(scenehotspot[i][\"createTooltipArgs\"] != \"\") {scenehotspot[i][\"createTooltipFunc\"] = wpvrtooltip;}}}}var vr_mode = \"off\";jQuery(\"#pano977 .wpvr-floor-map .floor-plan-pointer\").on(\"click\",function(){\n           var scene_id = jQuery(this).attr(\"scene_id\");\n           panoshow977.loadScene(scene_id)\n           jQuery(\".floor-plan-pointer\").removeClass(\"add-pulse\")\n           jQuery(this).addClass(\"add-pulse\")\n        });panoshow977.on(\"mousemove\", function (data){\n            jQuery(\".add-pulse\").css({\"transform\":\"rotate(\"+data.yaw+\"deg)\"});\n        });\n    const node = document.querySelector(\".add-pulse\");\n        panoshow977.on(\"compasschange\", function (data){\n            \/\/ const node = document.querySelector(\".add-pulse\");\n            \/\/ node.style.transform = data;\n            \/\/ jQuery(\".add-pulse\").css({\"transform\":data});\n            });panoshow977.on(\"load\", function (){\n            \/\/ if(localStorage.getItem(\"vr_mode\") == \"off\") {\n            if(vr_mode == \"off\") {\n                  jQuery(\".vr-mode-title\").hide();\n                } else {\n                jQuery(\"#pano2977 .pnlm-compass.pnlm-controls.pnlm-control\").css(\"display\",\"none\");\n                jQuery(\"#pano977 .pnlm-compass.pnlm-controls.pnlm-control\").css(\"display\",\"none\");\n                jQuery(\"#pano2977 .pnlm-panorama-info\").hide();\n                jQuery(\"#pano977 .pnlm-panorama-info\").hide();\n                jQuery(\".vr-mode-title\").show();\n             }\n            setTimeout(() => {\n                window.dispatchEvent(new Event(\"resize\"));\n            }, 200);\n\t\t\t\t\t\tif (jQuery(\"#pano977\").children().children(\".pnlm-panorama-info:visible\").length > 0) {\n\t               jQuery(\"#controls977\").css(\"bottom\", \"80px\");\n\t           }\n\t           else {\n\t             jQuery(\"#controls977\").css(\"bottom\", \"5px\");\n\t           }\n\t\t\t\t\t});panoshow977.on(\"render\", function (){\n              window.dispatchEvent(new Event(\"resize\"));\n            });if (scenes.autoRotate) {\n\t\t\t\t\t\tpanoshow977.on(\"load\", function (){\n\t\t\t\t\t\t setTimeout(function(){ panoshow977.startAutoRotate(scenes.autoRotate, 0); }, 3000);\n\t\t\t\t\t\t});\n\t\t\t\t\t\tpanoshow977.on(\"scenechange\", function (){\n\t\t\t\t\t\t setTimeout(function(){ panoshow977.startAutoRotate(scenes.autoRotate, 0); }, 3000);\n\t\t\t\t\t\t});\n\t\t\t\t\t}var touchtime = 0;jQuery(document).on(\"click\",\"#explainer_button_977\",function() {\n                    jQuery(\"#explainer977\").slideToggle(function(){\n                    var $explainerVideoId = jQuery(\"#explainer977\");\n                    var $explainerVideoIframe = $explainerVideoId.find(\"iframe\");\n                    var explainerVideoIframSrc = $explainerVideoIframe.attr(\"src\");\n                    $explainerVideoIframe.attr(\"src\", \"\");\n                    $explainerVideoIframe.attr(\"src\", explainerVideoIframSrc);\n        });\n            });\n            jQuery(document).on(\"click\", \".close-explainer-video\", function() {\n              var $explainer = jQuery(this).parent(\".explainer\");\n              var $iframe = $explainer.find(\"iframe\");\n              var el_src = $iframe.attr(\"src\");\n              $iframe.attr(\"src\", \"\");\n              $explainer.hide();\n              $iframe.attr(\"src\", el_src);\n            });\n      jQuery(document).on(\"click\",\"#pano977\",function(event) {\n        var isActiveModal = event.target.closest(\".custom-ifram-wrapper\");\n        var isForm = event.target.closest(\".wpvr-hotspot-tweak-contents\");\n        var isHotspot = event.target.closest(\".pnlm-hotspot-base\");\n        if( isActiveModal == null && isForm == null && isHotspot == null){\n             jQuery(\".custom-ifram-wrapper .custom-ifram\").empty();\n             jQuery(\".custom-ifram-wrapper\").hide();\n             jQuery(this).removeClass(\"show-modal\");\n             jQuery(\".wpvr-hotspot-tweak-contents-wrapper\").hide(\"show-modal\");\n        }else if(isForm != null){\n            jQuery(this).addClass(\"show-modal\");\n        }\n      });jQuery(document).on(\"click\",\"#floor_map_button_977\",function() {\n                jQuery(\"#wpvr-floor-map977\").toggle().removeClass(\"fullwindow\");\n              });\n              jQuery(document).on(\"dblclick\",\"#wpvr-floor-map977\",function(){\n                jQuery(this).addClass(\"fullwindow\");\n                jQuery(this).parents(\".pano-wrap\").addClass(\"show-modal\");\n              });\n              jQuery(document).on(\"click\",\".close-floor-map-plan\",function() {\n                jQuery(this).parent(\".wpvr-floor-map\").hide();\n                jQuery(this).parent(\".wpvr-floor-map\").removeClass(\"fullwindow\");\n                jQuery(this).parents(\".pano-wrap\").removeClass(\"show-modal\");\n              });jQuery(document).ready(function($){\n\t\t              jQuery(\"#sccontrols977\").hide();\n                      jQuery(\"#pano977 .wpvr_slider_nav\").hide();\n\t\t              jQuery(\".vrgctrl977\").html('<i class=\"fa fa-angle-up\"><\/i>');\n\t\t          });var slide977 = \"down\";\n\t\t          jQuery(document).on(\"click\",\"#vrgcontrols977\",function() {\n\t\t            if (slide977 == \"up\") {\n\t\t              jQuery(\".vrgctrl977\").empty();\n\t\t              jQuery(\".vrgctrl977\").html('<i class=\"fa fa-angle-up\"><\/i>');\n\t\t              slide977 = \"down\";\n\t\t            }\n\t\t            else {\n\t\t              jQuery(\".vrgctrl977\").empty();\n\t\t              jQuery(\".vrgctrl977\").html('<i class=\"fa fa-angle-down\"><\/i>');\n\t\t              slide977 = \"up\";\n\t\t            }\n                    jQuery(\"#pano977 .wpvr_slider_nav\").slideToggle(); \n                    jQuery(\"#sccontrols977\").slideToggle(function(){\n                        if (jQuery(\".elementor-edit-mode .elementor-widget-container\").length) {\n                            if (jQuery(this).is(\":visible\")) {\n                                jQuery(\".elementor-edit-mode  .elementor-widget-container .wpvr-cardboard .pnlm-container #sccontrols977\").css({\n                                    \"display\": \"flex\",\n                                    \"justify-content\": \"center\",\n                                    \"align-items\": \"center\",\n                                    \"gap\": \"15px\"\n                                });\n                            }\n                        }\n                        if (jQuery(\".bricks-is-frontend\").length) {\n                            if (jQuery(this).is(\":visible\")) {\n                            jQuery(\".bricks-is-frontend .wpvr-cardboard .pnlm-container #sccontrols977\").css({\n                                    \"display\": \"flex\",\n                                    \"justify-content\": \"center\",\n                                    \"align-items\": \"center\"\n                                });\n                            }\n                        }              \n                    });\n          });jQuery(document).ready(function(){\n                    jQuery(\"#controls977\").hide();\n                    jQuery(\"#zoom-in-out-controls977\").hide();\n                    jQuery(\"#adcontrol977\").hide();\n                    jQuery(\"#explainer_button_977\").hide();\n                    jQuery(\"#generic_form_button_977\").hide();\n                    jQuery(\"#floor_map_button_977\").hide();\n                    jQuery(\"#vrgcontrols977\").hide();\n                    jQuery(\"#cp-logo-controls\").hide();\n                    jQuery(\".custom-scene-navigation\").hide();\n                    jQuery(\"#pano977\").find(\".pnlm-panorama-info\").hide();\n                });panoshow977.on(\"load\", function (){\n                    jQuery(\"#controls977\").show();\n                    jQuery(\"#zoom-in-out-controls977\").show();\n                    jQuery(\"#adcontrol977\").show();\n                    jQuery(\"#explainer_button_977\").show();\n                    jQuery(\"#generic_form_button_977\").show();\n                    jQuery(\"#floor_map_button_977\").show();\n                    jQuery(\"#vrgcontrols977\").show();\n                    jQuery(\"#cp-logo-controls\").show();\n                    jQuery(\".custom-scene-navigation\").show();\n                    jQuery(\"#pano977\").find(\".pnlm-panorama-info\").show();\n            });jQuery(\".elementor-tab-title\").click(function(){\n                      var element_id;\n                      var pano_id;\n                      var element_id = this.id;\n                      element_id = element_id.split(\"-\");\n                      element_id = element_id[3];\n                      jQuery(\"#elementor-tab-content-\"+element_id).find(\"#master-container\").children(\"div\").eq(1).addClass(\"awwww\");\n                      var pano_id = jQuery(\".awwww\").attr(\"id\");\n                      jQuery(\"#elementor-tab-content-\"+element_id).find(\"#master-container\").children(\"div\").eq(1).removeClass(\"awwww\");;\n                      if (pano_id != undefined) {\n                        pano_id = pano_id.split(\"o\");\n                        pano_id = pano_id[1];\n                        if (pano_id == \"977\") {\n                          jQuery(\"#pano977\").children(\".pnlm-render-container\").remove();\n                          jQuery(\"#pano977\").children(\".pnlm-ui\").remove();\n                          panoshow977 = pannellum.viewer(response[0][\"panoid\"], scenes);\n                          jQuery(\"#pano977\").children(\".pnlm-ui\").find(\".pnlm-load-button p\").text(\"Click to Load Panorama\")\n                          setTimeout(function() {\n                                \/\/   panoshow977.loadScene(\"360lemusee\");\n                                  window.dispatchEvent(new Event(\"resize\"));\n                                  if (jQuery(\"#pano977\").children().children(\".pnlm-panorama-info:visible\").length > 0) {\n                                       jQuery(\"#controls977\").css(\"bottom\", \"55px\");\n                                   } else {\n                                     jQuery(\"#controls977\").css(\"bottom\", \"5px\");\n                                   }\n                          }, 200);\n                        }\n                      }\n            });jQuery(\".geodir-tab-head dd, #vr-tour-tab\").click(function(){\n              jQuery(\"#pano977\").children(\".pnlm-render-container\").remove();\n              jQuery(\"#pano977\").children(\".pnlm-ui\").remove();\n              panoshow977 = pannellum.viewer(response[0][\"panoid\"], scenes);\n              setTimeout(function() {\n                      panoshow977.loadScene(\"360lemusee\");\n                      window.dispatchEvent(new Event(\"resize\"));\n                      if (jQuery(\"#pano977\").children().children(\".pnlm-panorama-info:visible\").length > 0) {\n                           jQuery(\"#controls977\").css(\"bottom\", \"55px\");\n                       }\n                       else {\n                         jQuery(\"#controls977\").css(\"bottom\", \"5px\");\n                       }\n              }, 200);\n            });\n            jQuery(\"#pano977\").children(\".pnlm-ui\").find(\".pnlm-load-button p\").text(\"Click to Load Panorama\")\n            jQuery(\"#pano977 .pnlm-title-box\").on(\"mouseenter\", function(){\n                jQuery(this).attr(\"title\", jQuery(this).text());\n            });\n            jQuery(\"#pano977 .pnlm-title-box\").on(\"mouseleave\", function(){\n                jQuery(this).removeAttr(\"title\");\n            });});})(jQuery);<\/script>\n<p><a href=\"http:\/\/www.aiplainpalais.ch\/wp-content\/uploads\/2012\/04\/musee.jpg\"><br \/>\n<\/a><br \/>\nIl r\u00e9unit de pr\u00e9cieux documents sur l\u2019histoire de la commune, en particulier, des photographies anciennes t\u00e9moignant de l\u2019\u00e9volution urbaine et architecturale du faubourg de Plainpalais.<\/p>\n<p><a href=\"http:\/\/www.aiplainpalais.ch\/wp-content\/uploads\/2017\/12\/FASCIC121.jpg\"><img loading=\"lazy\" decoding=\"async\" class=\"alignleft size-full wp-image-763\" src=\"http:\/\/www.aiplainpalais.ch\/wp-content\/uploads\/2017\/12\/FASCIC121.jpg\" alt=\"\" width=\"720\" height=\"774\" srcset=\"https:\/\/www.aiplainpalais.ch\/wp-content\/uploads\/2017\/12\/FASCIC121.jpg 720w, https:\/\/www.aiplainpalais.ch\/wp-content\/uploads\/2017\/12\/FASCIC121-279x300.jpg 279w\" sizes=\"auto, (max-width: 720px) 100vw, 720px\" \/><\/a><a href=\"http:\/\/www.aiplainpalais.ch\/wp-content\/uploads\/2012\/04\/fasc-3-41.jpg\"><img loading=\"lazy\" decoding=\"async\" class=\"alignleft wp-image-198\" title=\"fasc-3-4\" src=\"http:\/\/www.aiplainpalais.ch\/wp-content\/uploads\/2012\/04\/fasc-3-41.jpg\" alt=\"\" width=\"859\" height=\"897\"\/><\/a><\/p>\n<p>&nbsp;<\/p>\n<p><a href=\"http:\/\/www.aiplainpalais.ch\/wp-content\/uploads\/2012\/04\/fasc-5-6.jpg\"><img loading=\"lazy\" decoding=\"async\" title=\"fasc-5-6\" src=\"http:\/\/www.aiplainpalais.ch\/wp-content\/uploads\/2012\/04\/fasc-5-6.jpg\" alt=\"\" width=\"858\" height=\"896\"\/><\/a><\/p>\n<p>[dimage url=\u00a0\u00bbhttp:\/\/www.aiplainpalais.ch\/wp-content\/uploads\/2019\/03\/PHOTO_0087.jpg\u00a0\u00bb control=true]<\/p>\n","protected":false},"excerpt":{"rendered":"<p>Le mus\u00e9e a \u00e9t\u00e9 cr\u00e9\u00e9 sous l\u2019impulsion de l\u2019Association des Int\u00e9r\u00eats de Plainpalais (AIP). Cette association le g\u00e8re encore de nos jours. &nbsp; Il r\u00e9unit de pr\u00e9cieux documents sur l\u2019histoire de la commune, en particulier, des photographies anciennes t\u00e9moignant de l\u2019\u00e9volution urbaine et architecturale du faubourg de Plainpalais. &nbsp; [dimage url=\u00a0\u00bbhttp:\/\/www.aiplainpalais.ch\/wp-content\/uploads\/2019\/03\/PHOTO_0087.jpg\u00a0\u00bb control=true]<\/p>\n","protected":false},"author":1,"featured_media":0,"parent":0,"menu_order":5,"comment_status":"closed","ping_status":"closed","template":"","meta":{"_crdt_document":"","ngg_post_thumbnail":0,"footnotes":""},"class_list":["post-22","page","type-page","status-publish","hentry"],"_links":{"self":[{"href":"https:\/\/www.aiplainpalais.ch\/index.php?rest_route=\/wp\/v2\/pages\/22","targetHints":{"allow":["GET"]}}],"collection":[{"href":"https:\/\/www.aiplainpalais.ch\/index.php?rest_route=\/wp\/v2\/pages"}],"about":[{"href":"https:\/\/www.aiplainpalais.ch\/index.php?rest_route=\/wp\/v2\/types\/page"}],"author":[{"embeddable":true,"href":"https:\/\/www.aiplainpalais.ch\/index.php?rest_route=\/wp\/v2\/users\/1"}],"replies":[{"embeddable":true,"href":"https:\/\/www.aiplainpalais.ch\/index.php?rest_route=%2Fwp%2Fv2%2Fcomments&post=22"}],"version-history":[{"count":57,"href":"https:\/\/www.aiplainpalais.ch\/index.php?rest_route=\/wp\/v2\/pages\/22\/revisions"}],"predecessor-version":[{"id":1107,"href":"https:\/\/www.aiplainpalais.ch\/index.php?rest_route=\/wp\/v2\/pages\/22\/revisions\/1107"}],"wp:attachment":[{"href":"https:\/\/www.aiplainpalais.ch\/index.php?rest_route=%2Fwp%2Fv2%2Fmedia&parent=22"}],"curies":[{"name":"wp","href":"https:\/\/api.w.org\/{rel}","templated":true}]}}