{"id":18,"date":"2012-04-14T10:24:27","date_gmt":"2012-04-14T10:24:27","guid":{"rendered":"http:\/\/www.aiplainpalais.ch\/?page_id=18"},"modified":"2019-05-12T14:49:58","modified_gmt":"2019-05-12T14:49:58","slug":"lassociation","status":"publish","type":"page","link":"https:\/\/www.aiplainpalais.ch\/?page_id=18","title":{"rendered":"L&rsquo;association"},"content":{"rendered":"<p><span style=\"color: #333333;\">C\u2019est par la loi du 17 f\u00e9vrier 1800 que la commune de Plainpalais fut constitu\u00e9e par l\u2019Administration fran\u00e7aise qui, depuis 1794, g\u00e9rait \u00ab&nbsp;l\u2019arrondissement de d\u00e9partement du L\u00e9man&nbsp;\u00bb dont Plainpalais d\u00e9pendait.<\/span><\/p>\n<p><span style=\"color: #333333;\">Le b\u00e2timent administratif, sis alors \u00e0 l\u2019angle de l\u2019avenue Henri-Dunant et du Rond-Point de Plainpalais, devenu trop petit suite \u00e0 la rapide croissance de la population, il fut d\u00e9cid\u00e9 de construire une nouvelle mairie. Un b\u00e2timent termin\u00e9 au d\u00e9but de 1889.<\/span><\/p>\n<p><span style=\"color: #333333;\">En 1892 \u00e9tait cr\u00e9\u00e9e <strong>l\u2019Association des Int\u00e9r\u00eats de Plainpalais<\/strong> (AIP). D\u00e8s ce moment, l\u2019AIP rassemble l\u2019ensemble des soci\u00e9t\u00e9s de son territoire, des commer\u00e7ants et des particuliers. Elle est aussi \u00e0 l\u2019origine de la cr\u00e9ation du Club de la grammaire, des Colonies de vacances des Plattets, des Cuisines scolaires, de la Cr\u00e8che de Plainpalais notamment. <\/span><span style=\"color: #333333;\">La commune de Plainpalais couvrait la Jonction, la Coulouvreni\u00e8re, la Plaine et le Rond-Point, les Acacias, Queue d\u2019Arve, Bois de la B\u00e2tie. De l\u2019autre c\u00f4t\u00e9, elle s\u2019\u00e9tendait \u00e0 la Cluse-Roseraie, Florissant, Champel, Bout-du-Monde compris. <\/span><\/p>\n<p><span style=\"color: #333333;\">En 1930, les trois communes des Eaux-Vives, Petit-Saconnex et Plainpalais fusionnent avec la Ville de Gen\u00e8ve. Le b\u00e2timent perd alors sa fonction de mairie (l&rsquo;inscription est toujours pr\u00e9sente sur le fronton de son balcon).<\/span><span style=\"color: #333333;\"> Mis \u00e0 la disposition du Service social, celui-ci conc\u00e8de la disposition du local de conf\u00e9rence \u00e0 l\u2019AIP qui, tous les samedis, organisait des soir\u00e9es cin\u00e9mas pour les anciens. Notre association agen\u00e7ait aussi des arbres de No\u00ebl \u00e0 la Maison Communale et des soupes sur la place des Augustins.<\/span><br \/>\n<span style=\"color: #333333;\"> En 1953, cr\u00e9ation par feu John Albert Maire, chef du Service Social et membre de l\u2019AIP, d\u2019un mus\u00e9e dans la salle des mariages. Ce mus\u00e9e existe toujours sous l\u2019appellation de <span style=\"color: #0000ff;\">\u00ab&nbsp;<strong><a style=\"color: #0000ff;\" title=\"Le mus\u00e9e\" href=\"http:\/\/www.aiplainpalais.ch\/?page_id=22\">Mus\u00e9e du Vieux Plainpalais<\/a><\/strong>&nbsp;\u00bb<\/span>. Notre association d\u00e9sire soutenir la devise de sa commune&nbsp;:<\/span><\/p>\n<p style=\"text-align: center;\"><span style=\"color: #333333;\"><span style=\"color: #000000;\"><strong><em>\u00ab\u00a0Nous cultivons les champs que nous saurons d\u00e9fendre\u00a0\u00bb<\/em><\/strong><\/span><\/span><\/p>\n<p style=\"text-align: left;\"><span style=\"color: #333333;\">C\u2019est la raison pour laquelle nous essayons de maintenir visibles les objets et archives de l\u2019ancienne commune de Plainpalais, d&rsquo;ouvrir les locaux \u00e0 la population dans le cadre de nos expositions permanentes et temporaires, des expositions qui se d\u00e9roulent en partie dans la splendide Salle des Mariages, rest\u00e9e en l&rsquo;\u00e9tat depuis sa cr\u00e9ation.<\/span><\/p>\n<p align=\"JUSTIFY\"><span style=\"font-family: Arial, serif; color: #333333;\">Vous d\u00e9sirez nous soutenir ?<br \/>\n<\/span><\/p>\n<p>Il vous suffit de devenir membre et vous inscrire via <span style=\"color: #3366ff;\"><strong><a style=\"color: #3366ff;\" href=\"http:\/\/www.aiplainpalais.ch\/?page_id=39\">le formulaire sur cette page<\/a>.<\/strong><\/span><\/p>\n<ul>\n<li>Coti individuelle: 30 CHF \/ an &nbsp;&nbsp;&nbsp;&nbsp;&nbsp;&nbsp;&nbsp;&nbsp;&nbsp; &nbsp;&nbsp; Association des Int\u00e9r\u00eats de Plainpalais<\/li>\n<li>Coti de couple: 50 CHF \/ an&nbsp; &nbsp; &nbsp; &nbsp; &nbsp; &nbsp; &nbsp; &nbsp; CCP 12-9147-8<\/li>\n<li>Entreprise: 70 CHF \/ an &nbsp; &nbsp; &nbsp; &nbsp; &nbsp; &nbsp; &nbsp; &nbsp; &nbsp; &nbsp; &nbsp; IBAN :CH81 0900 0000 9147 8<\/li>\n<\/ul>\n","protected":false},"excerpt":{"rendered":"<p>C\u2019est par la loi du 17 f\u00e9vrier 1800 que la commune de Plainpalais fut constitu\u00e9e par l\u2019Administration fran\u00e7aise qui, depuis 1794, g\u00e9rait \u00ab&nbsp;l\u2019arrondissement de d\u00e9partement du L\u00e9man&nbsp;\u00bb dont Plainpalais d\u00e9pendait. Le b\u00e2timent administratif, sis alors \u00e0 l\u2019angle de l\u2019avenue Henri-Dunant et du Rond-Point de Plainpalais, devenu trop petit suite \u00e0 la rapide croissance de la [&hellip;]<\/p>\n","protected":false},"author":1,"featured_media":0,"parent":0,"menu_order":0,"comment_status":"closed","ping_status":"closed","template":"","meta":{"_crdt_document":"","ngg_post_thumbnail":0,"footnotes":""},"class_list":["post-18","page","type-page","status-publish","hentry"],"_links":{"self":[{"href":"https:\/\/www.aiplainpalais.ch\/index.php?rest_route=\/wp\/v2\/pages\/18","targetHints":{"allow":["GET"]}}],"collection":[{"href":"https:\/\/www.aiplainpalais.ch\/index.php?rest_route=\/wp\/v2\/pages"}],"about":[{"href":"https:\/\/www.aiplainpalais.ch\/index.php?rest_route=\/wp\/v2\/types\/page"}],"author":[{"embeddable":true,"href":"https:\/\/www.aiplainpalais.ch\/index.php?rest_route=\/wp\/v2\/users\/1"}],"replies":[{"embeddable":true,"href":"https:\/\/www.aiplainpalais.ch\/index.php?rest_route=%2Fwp%2Fv2%2Fcomments&post=18"}],"version-history":[{"count":24,"href":"https:\/\/www.aiplainpalais.ch\/index.php?rest_route=\/wp\/v2\/pages\/18\/revisions"}],"predecessor-version":[{"id":1017,"href":"https:\/\/www.aiplainpalais.ch\/index.php?rest_route=\/wp\/v2\/pages\/18\/revisions\/1017"}],"wp:attachment":[{"href":"https:\/\/www.aiplainpalais.ch\/index.php?rest_route=%2Fwp%2Fv2%2Fmedia&parent=18"}],"curies":[{"name":"wp","href":"https:\/\/api.w.org\/{rel}","templated":true}]}}